{"id":197,"date":"2021-06-06T12:46:39","date_gmt":"2021-06-06T12:46:39","guid":{"rendered":"http:\/\/www.kaanmakina.org\/?page_id=197"},"modified":"2021-06-06T17:59:54","modified_gmt":"2021-06-06T17:59:54","slug":"neler-yapiyoruz","status":"publish","type":"page","link":"https:\/\/www.kaanmakina.org\/index.php\/neler-yapiyoruz\/","title":{"rendered":"Hizmetlerimiz"},"content":{"rendered":"\n<div class=\"wp-block-image\"><figure class=\"aligncenter size-large\"><img loading=\"lazy\" decoding=\"async\" width=\"1024\" height=\"576\" src=\"http:\/\/www.kaanmakina.org\/wp-content\/uploads\/2021\/06\/K3-1024x576.png\" alt=\"\" class=\"wp-image-226\" srcset=\"https:\/\/www.kaanmakina.org\/wp-content\/uploads\/2021\/06\/K3-1024x576.png 1024w, https:\/\/www.kaanmakina.org\/wp-content\/uploads\/2021\/06\/K3-300x169.png 300w, https:\/\/www.kaanmakina.org\/wp-content\/uploads\/2021\/06\/K3-768x432.png 768w, https:\/\/www.kaanmakina.org\/wp-content\/uploads\/2021\/06\/K3-1226x689.png 1226w, https:\/\/www.kaanmakina.org\/wp-content\/uploads\/2021\/06\/K3-675x380.png 675w, https:\/\/www.kaanmakina.org\/wp-content\/uploads\/2021\/06\/K3.png 1366w\" sizes=\"auto, (max-width: 1024px) 100vw, 1024px\" \/><\/figure><\/div>\n\n\n\n<p><strong><span class=\"has-inline-color has-vivid-red-color\">NELER YAPIYORUZ?<\/span><\/strong><\/p>\n\n\n\n<p><strong><span class=\"has-inline-color has-black-color\">\u00dcRET\u0130M:<\/span><\/strong><\/p>\n\n\n\n<p>** Tala\u015fl\u0131 \u0130malat<\/p>\n\n\n\n<p>** Montajl\u0131 \u0130malat<\/p>\n\n\n\n<p><strong><span class=\"has-inline-color has-black-color\">AR-GE:<\/span><\/strong><\/p>\n\n\n\n<p>\u00dcr\u00fcn Tasar\u0131m\u0131- Aparat&amp; Kontrol Ekipmanlar\u0131 Tasar\u0131m\u0131&nbsp; ve Proses Geli\u015ftirme Yetene\u011fini art\u0131rma faaliyetleri<\/p>\n\n\n\n<p>** \u00d6l\u00e7\u00fcm Cihazlar\u0131 Setleri<\/p>\n\n\n\n<p>** Kaynak Aparat sistemleri<\/p>\n\n\n\n<p>** T\u00fcbitak &amp; KOSGEB Proje haz\u0131rl\u0131klar\u0131<\/p>\n\n\n\n<p><strong><span class=\"has-inline-color has-black-color\">\u00dcR-GE:<\/span><\/strong><\/p>\n\n\n\n<p>** Kal\u0131p, aparat, ekipman tasar\u0131m\u0131<\/p>\n\n\n\n<p>** Eurocut firmas\u0131na kesici tak\u0131m, kater, pens, kartu\u015f)<\/p>\n\n\n\n<div class=\"wp-block-image\"><figure class=\"aligncenter size-large\"><img loading=\"lazy\" decoding=\"async\" width=\"1024\" height=\"576\" src=\"http:\/\/www.kaanmakina.org\/wp-content\/uploads\/2021\/06\/K5-1-1024x576.png\" alt=\"\" class=\"wp-image-295\" srcset=\"https:\/\/www.kaanmakina.org\/wp-content\/uploads\/2021\/06\/K5-1-1024x576.png 1024w, https:\/\/www.kaanmakina.org\/wp-content\/uploads\/2021\/06\/K5-1-300x169.png 300w, https:\/\/www.kaanmakina.org\/wp-content\/uploads\/2021\/06\/K5-1-768x432.png 768w, https:\/\/www.kaanmakina.org\/wp-content\/uploads\/2021\/06\/K5-1-1226x689.png 1226w, https:\/\/www.kaanmakina.org\/wp-content\/uploads\/2021\/06\/K5-1-675x380.png 675w, https:\/\/www.kaanmakina.org\/wp-content\/uploads\/2021\/06\/K5-1.png 1366w\" sizes=\"auto, (max-width: 1024px) 100vw, 1024px\" \/><\/figure><\/div>\n\n\n\n<p><strong><span class=\"has-inline-color has-vivid-red-color\">H\u0130ZMET VERD\u0130\u011e\u0130M\u0130Z SEKT\u00d6RLER<\/span><\/strong><\/p>\n\n\n\n<p><strong>KALIP:<\/strong><\/p>\n\n\n\n<p><strong>Kesme, D\u00f6vme<\/strong><\/p>\n\n\n\n<p>** \u00c7ama\u015f\u0131r Makinesi \u00fcst tabla kal\u0131p par\u00e7alar\u0131, Pompa d\u00f6vme kal\u0131plar\u0131<\/p>\n\n\n\n<p><strong>BEYAZ E\u015eYA:<\/strong><\/p>\n\n\n\n<p><strong>\u00c7ama\u015f\u0131r Makinesi<\/strong><\/p>\n\n\n\n<p>** Tambur mil ve sistemleri<\/p>\n\n\n\n<p>** \u00c7ama\u015f\u0131r makinesi \u00fcst tabla grubu montaj hatt\u0131<\/p>\n\n\n\n<p><strong>POMPA:<\/strong><\/p>\n\n\n\n<p>** Pompa Grubu Tasar\u0131m ,\u0130\u015feme ve Montaj<\/p>\n\n\n\n<div class=\"wp-block-image\"><figure class=\"aligncenter size-large\"><img loading=\"lazy\" decoding=\"async\" width=\"1024\" height=\"576\" src=\"http:\/\/www.kaanmakina.org\/wp-content\/uploads\/2021\/06\/K6-1024x576.png\" alt=\"\" class=\"wp-image-229\" srcset=\"https:\/\/www.kaanmakina.org\/wp-content\/uploads\/2021\/06\/K6-1024x576.png 1024w, https:\/\/www.kaanmakina.org\/wp-content\/uploads\/2021\/06\/K6-300x169.png 300w, https:\/\/www.kaanmakina.org\/wp-content\/uploads\/2021\/06\/K6-768x432.png 768w, https:\/\/www.kaanmakina.org\/wp-content\/uploads\/2021\/06\/K6-1226x689.png 1226w, https:\/\/www.kaanmakina.org\/wp-content\/uploads\/2021\/06\/K6-675x380.png 675w, https:\/\/www.kaanmakina.org\/wp-content\/uploads\/2021\/06\/K6.png 1366w\" sizes=\"auto, (max-width: 1024px) 100vw, 1024px\" \/><\/figure><\/div>\n\n\n\n<p><strong><span class=\"has-inline-color has-vivid-red-color\">HEDEF SEKT\u00d6RLER\u0130M\u0130Z:<\/span><\/strong><\/p>\n\n\n\n<p>SAVUNMA SANAY\u0130\u0130-HAVACILIK:<\/p>\n\n\n\n<p>AS 9100:D KYS Sertifikasyonu ( Projelendirme a\u015famas\u0131nda ) \/ Hedefimiz 2022 Eyl\u00fcl<\/p>\n\n\n\n<div class=\"wp-block-image\"><figure class=\"aligncenter size-large\"><img loading=\"lazy\" decoding=\"async\" width=\"1024\" height=\"576\" src=\"http:\/\/www.kaanmakina.org\/wp-content\/uploads\/2021\/06\/K91111-1024x576.png\" alt=\"\" class=\"wp-image-235\" srcset=\"https:\/\/www.kaanmakina.org\/wp-content\/uploads\/2021\/06\/K91111-1024x576.png 1024w, https:\/\/www.kaanmakina.org\/wp-content\/uploads\/2021\/06\/K91111-300x169.png 300w, https:\/\/www.kaanmakina.org\/wp-content\/uploads\/2021\/06\/K91111-768x432.png 768w, https:\/\/www.kaanmakina.org\/wp-content\/uploads\/2021\/06\/K91111-1226x689.png 1226w, https:\/\/www.kaanmakina.org\/wp-content\/uploads\/2021\/06\/K91111-675x380.png 675w, https:\/\/www.kaanmakina.org\/wp-content\/uploads\/2021\/06\/K91111.png 1366w\" sizes=\"auto, (max-width: 1024px) 100vw, 1024px\" \/><\/figure><\/div>\n\n\n\n<p><strong><span class=\"has-inline-color has-vivid-red-color\">STRATEJ\u0130K PLANIMIZ 2021-2026:<\/span><\/strong><\/p>\n\n\n\n<p><strong>** KOSGEB-TUB\u0130TAK<\/strong> &nbsp;Devlet destekli projeler i\u00e7in yap\u0131lanma<\/p>\n\n\n\n<p><strong>1- \u00c7ift Stator- Tek Rator R\u00fczgar T\u00fcrbini<\/strong><strong><\/strong><\/p>\n\n\n\n<p><strong>2- DRON 3D YAZILIM + Solidworks \/CATIA tasar\u0131mlar\u0131 (Ba\u015flam\u0131\u015ft\u0131r)<\/strong><strong><\/strong><\/p>\n\n\n\n<p><strong>3<\/strong><strong>. Yeni POMPA Dizaynlar\u0131<\/strong><\/p>\n\n\n\n<p><strong>** AS9100-D Havac\u0131l\u0131k ve Savunma Sanayii Kalite Belgesinin al\u0131nmas\u0131 -2021<\/strong><\/p>\n\n\n\n<p><strong>** CNC <\/strong><strong>-5 &nbsp;Eksen Yat\u0131r\u0131m\u0131 -202<\/strong><strong>2<\/strong><\/p>\n\n\n\n<p><strong>** Kaynak \u0130malat B\u00f6l\u00fcm\u00fcn\u00fcn <\/strong><strong>kurulmas\u0131 ve Kaynak Robotu yat\u0131r\u0131m\u0131-2025<\/strong><\/p>\n\n\n\n<p><strong>** Kal\u0131plama usul\u00fc <\/strong><strong>Katlan\u0131r Elektrikli Bisiklet<\/strong><strong> Tasar\u0131m\u0131 -2022<\/strong><\/p>\n\n\n\n<figure class=\"wp-block-image size-large\"><img loading=\"lazy\" decoding=\"async\" width=\"1024\" height=\"126\" src=\"http:\/\/www.kaanmakina.org\/wp-content\/uploads\/2021\/06\/KU123-1024x126.png\" alt=\"\" class=\"wp-image-101\" srcset=\"https:\/\/www.kaanmakina.org\/wp-content\/uploads\/2021\/06\/KU123-1024x126.png 1024w, https:\/\/www.kaanmakina.org\/wp-content\/uploads\/2021\/06\/KU123-300x37.png 300w, https:\/\/www.kaanmakina.org\/wp-content\/uploads\/2021\/06\/KU123-768x94.png 768w, https:\/\/www.kaanmakina.org\/wp-content\/uploads\/2021\/06\/KU123-1536x188.png 1536w, https:\/\/www.kaanmakina.org\/wp-content\/uploads\/2021\/06\/KU123-1226x150.png 1226w, https:\/\/www.kaanmakina.org\/wp-content\/uploads\/2021\/06\/KU123-675x83.png 675w, https:\/\/www.kaanmakina.org\/wp-content\/uploads\/2021\/06\/KU123.png 1550w\" sizes=\"auto, (max-width: 1024px) 100vw, 1024px\" \/><\/figure>\n","protected":false},"excerpt":{"rendered":"<p>NELER YAPIYORUZ? \u00dcRET\u0130M: ** Tala\u015fl\u0131 \u0130malat ** Montajl\u0131 \u0130malat AR-GE: \u00dcr\u00fcn Tasar\u0131m\u0131- Aparat&amp; Kontrol Ekipmanlar\u0131 Tasar\u0131m\u0131&nbsp; ve Proses Geli\u015ftirme Yetene\u011fini art\u0131rma faaliyetleri ** \u00d6l\u00e7\u00fcm Cihazlar\u0131&#8230;<\/p>\n","protected":false},"author":1,"featured_media":0,"parent":0,"menu_order":0,"comment_status":"closed","ping_status":"closed","template":"","meta":{"footnotes":""},"class_list":["post-197","page","type-page","status-publish","hentry"],"_links":{"self":[{"href":"https:\/\/www.kaanmakina.org\/index.php\/wp-json\/wp\/v2\/pages\/197","targetHints":{"allow":["GET"]}}],"collection":[{"href":"https:\/\/www.kaanmakina.org\/index.php\/wp-json\/wp\/v2\/pages"}],"about":[{"href":"https:\/\/www.kaanmakina.org\/index.php\/wp-json\/wp\/v2\/types\/page"}],"author":[{"embeddable":true,"href":"https:\/\/www.kaanmakina.org\/index.php\/wp-json\/wp\/v2\/users\/1"}],"replies":[{"embeddable":true,"href":"https:\/\/www.kaanmakina.org\/index.php\/wp-json\/wp\/v2\/comments?post=197"}],"version-history":[{"count":9,"href":"https:\/\/www.kaanmakina.org\/index.php\/wp-json\/wp\/v2\/pages\/197\/revisions"}],"predecessor-version":[{"id":304,"href":"https:\/\/www.kaanmakina.org\/index.php\/wp-json\/wp\/v2\/pages\/197\/revisions\/304"}],"wp:attachment":[{"href":"https:\/\/www.kaanmakina.org\/index.php\/wp-json\/wp\/v2\/media?parent=197"}],"curies":[{"name":"wp","href":"https:\/\/api.w.org\/{rel}","templated":true}]}}