{"id":24,"date":"2020-07-14T06:47:01","date_gmt":"2020-07-14T06:47:01","guid":{"rendered":"http:\/\/www.kaanmakina.org\/?page_id=24"},"modified":"2021-06-06T14:12:53","modified_gmt":"2021-06-06T14:12:53","slug":"iletisi","status":"publish","type":"page","link":"https:\/\/www.kaanmakina.org\/index.php\/iletisi\/","title":{"rendered":"\u0130leti\u015fim"},"content":{"rendered":"\n<div class=\"wp-block-image\"><figure class=\"aligncenter size-large\"><img loading=\"lazy\" decoding=\"async\" width=\"1024\" height=\"576\" src=\"http:\/\/www.kaanmakina.org\/wp-content\/uploads\/2021\/06\/K1-1024x576.png\" alt=\"\" class=\"wp-image-224\" srcset=\"https:\/\/www.kaanmakina.org\/wp-content\/uploads\/2021\/06\/K1-1024x576.png 1024w, https:\/\/www.kaanmakina.org\/wp-content\/uploads\/2021\/06\/K1-300x169.png 300w, https:\/\/www.kaanmakina.org\/wp-content\/uploads\/2021\/06\/K1-768x432.png 768w, https:\/\/www.kaanmakina.org\/wp-content\/uploads\/2021\/06\/K1-1226x689.png 1226w, https:\/\/www.kaanmakina.org\/wp-content\/uploads\/2021\/06\/K1-675x380.png 675w, https:\/\/www.kaanmakina.org\/wp-content\/uploads\/2021\/06\/K1.png 1366w\" sizes=\"auto, (max-width: 1024px) 100vw, 1024px\" \/><\/figure><\/div>\n\n\n\n<p class=\"has-text-align-center\"><strong><span class=\"has-inline-color has-vivid-cyan-blue-color\">\u0130LET\u0130\u015e\u0130M<\/span><\/strong><\/p>\n\n\n\n<p class=\"has-text-align-center\"><strong>KAAN MAK\u0130NA SANAY\u0130<\/strong><\/p>\n\n\n\n<p class=\"has-text-align-center\">Adres: Yukar\u0131 Dudullu \u0130MES Sanayii Sitesi A Blok 107.Sok. No:8\/A \u00dcmraniye \u2013 \u0130stanbul \/ T\u00dcRK\u0130YE<\/p>\n\n\n\n<p class=\"has-text-align-center\">Tel: +90 216 364 94 31 \/ 0216 969 76 16<\/p>\n\n\n\n<p class=\"has-text-align-center\">Fax: +90 0 216 364 94 52<\/p>\n\n\n\n<p class=\"has-text-align-center\">e-mail : info@kaanmakina.org<\/p>\n\n\n\n<p class=\"has-text-align-center\">web:www.kaanmakina.org<\/p>\n\n\n\n<figure class=\"wp-block-image size-large\"><img loading=\"lazy\" decoding=\"async\" width=\"1024\" height=\"126\" src=\"http:\/\/www.kaanmakina.org\/wp-content\/uploads\/2021\/06\/KU123-1024x126.png\" alt=\"\" class=\"wp-image-101\" srcset=\"https:\/\/www.kaanmakina.org\/wp-content\/uploads\/2021\/06\/KU123-1024x126.png 1024w, https:\/\/www.kaanmakina.org\/wp-content\/uploads\/2021\/06\/KU123-300x37.png 300w, https:\/\/www.kaanmakina.org\/wp-content\/uploads\/2021\/06\/KU123-768x94.png 768w, https:\/\/www.kaanmakina.org\/wp-content\/uploads\/2021\/06\/KU123-1536x188.png 1536w, https:\/\/www.kaanmakina.org\/wp-content\/uploads\/2021\/06\/KU123-1226x150.png 1226w, https:\/\/www.kaanmakina.org\/wp-content\/uploads\/2021\/06\/KU123-675x83.png 675w, https:\/\/www.kaanmakina.org\/wp-content\/uploads\/2021\/06\/KU123.png 1550w\" sizes=\"auto, (max-width: 1024px) 100vw, 1024px\" \/><\/figure>\n\n\n\n<p><\/p>\n","protected":false},"excerpt":{"rendered":"<p>\u0130LET\u0130\u015e\u0130M KAAN MAK\u0130NA SANAY\u0130 Adres: Yukar\u0131 Dudullu \u0130MES Sanayii Sitesi A Blok 107.Sok. No:8\/A \u00dcmraniye \u2013 \u0130stanbul \/ T\u00dcRK\u0130YE Tel: +90 216 364 94 31&#8230;<\/p>\n","protected":false},"author":1,"featured_media":0,"parent":0,"menu_order":0,"comment_status":"closed","ping_status":"closed","template":"","meta":{"footnotes":""},"class_list":["post-24","page","type-page","status-publish","hentry"],"_links":{"self":[{"href":"https:\/\/www.kaanmakina.org\/index.php\/wp-json\/wp\/v2\/pages\/24","targetHints":{"allow":["GET"]}}],"collection":[{"href":"https:\/\/www.kaanmakina.org\/index.php\/wp-json\/wp\/v2\/pages"}],"about":[{"href":"https:\/\/www.kaanmakina.org\/index.php\/wp-json\/wp\/v2\/types\/page"}],"author":[{"embeddable":true,"href":"https:\/\/www.kaanmakina.org\/index.php\/wp-json\/wp\/v2\/users\/1"}],"replies":[{"embeddable":true,"href":"https:\/\/www.kaanmakina.org\/index.php\/wp-json\/wp\/v2\/comments?post=24"}],"version-history":[{"count":14,"href":"https:\/\/www.kaanmakina.org\/index.php\/wp-json\/wp\/v2\/pages\/24\/revisions"}],"predecessor-version":[{"id":251,"href":"https:\/\/www.kaanmakina.org\/index.php\/wp-json\/wp\/v2\/pages\/24\/revisions\/251"}],"wp:attachment":[{"href":"https:\/\/www.kaanmakina.org\/index.php\/wp-json\/wp\/v2\/media?parent=24"}],"curies":[{"name":"wp","href":"https:\/\/api.w.org\/{rel}","templated":true}]}}