{"id":28,"date":"2020-07-14T06:49:16","date_gmt":"2020-07-14T06:49:16","guid":{"rendered":"http:\/\/www.kaanmakina.org\/?page_id=28"},"modified":"2021-06-06T23:24:57","modified_gmt":"2021-06-06T23:24:57","slug":"hakkimizda","status":"publish","type":"page","link":"https:\/\/www.kaanmakina.org\/index.php\/hakkimizda\/","title":{"rendered":"Hakk\u0131m\u0131zda"},"content":{"rendered":"\n<div class=\"wp-block-image\"><figure class=\"aligncenter size-large\"><img loading=\"lazy\" decoding=\"async\" width=\"1024\" height=\"576\" src=\"http:\/\/www.kaanmakina.org\/wp-content\/uploads\/2021\/06\/K1-1024x576.png\" alt=\"\" class=\"wp-image-224\" srcset=\"https:\/\/www.kaanmakina.org\/wp-content\/uploads\/2021\/06\/K1-1024x576.png 1024w, https:\/\/www.kaanmakina.org\/wp-content\/uploads\/2021\/06\/K1-300x169.png 300w, https:\/\/www.kaanmakina.org\/wp-content\/uploads\/2021\/06\/K1-768x432.png 768w, https:\/\/www.kaanmakina.org\/wp-content\/uploads\/2021\/06\/K1-1226x689.png 1226w, https:\/\/www.kaanmakina.org\/wp-content\/uploads\/2021\/06\/K1-675x380.png 675w, https:\/\/www.kaanmakina.org\/wp-content\/uploads\/2021\/06\/K1.png 1366w\" sizes=\"auto, (max-width: 1024px) 100vw, 1024px\" \/><\/figure><\/div>\n\n\n\n<p>Otomotiv,Beyaz E\u015fya ve Makine &nbsp;sekt\u00f6rlerine hizmet veren <strong>KAAN MAK\u0130NE SANAY\u0130\u0130 VE T\u0130CARET<\/strong>;1990 y\u0131l\u0131 Denge D\u0131\u015f.Tic.Mak.Ltd.\u015eti. ad\u0131 ile \u0130stanbul\u2019da kurulmu\u015ftur. <strong>KAAN MAK\u0130NE<\/strong> \u0130stanbul \u00dcmraniye&nbsp; \u0130MES Sanayi Sitesinde &nbsp;200 M2 kapal\u0131 alanda faaliyet g\u00f6stermektedir.<\/p>\n\n\n\n<p><strong>KAAN MAK\u0130NE<\/strong>&nbsp;Otomotiv, Makine \u0130malat, Tar\u0131m Makinalar\u0131, Pompa, Enjekt\u00f6r , Kal\u0131p \u00dcretimi, Beyaz E\u015fya&nbsp; sekt\u00f6r\u00fcne y\u00f6nelik \u00e7al\u0131\u015fmalar\u0131n\u0131 s\u00fcrd\u00fcrmektedir.<\/p>\n\n\n\n<p><strong><span class=\"has-inline-color has-vivid-red-color\">Misyonumuz:<\/span><\/strong> Otomotiv \u2013 makine \u2013 pompa imalat\u0131 ve AR_GE projeleri \u00fcreterek sekt\u00f6r\u00fcndeki \u00fcr\u00fcnleri, deste\u011fi sa\u011flanan markalar\u0131n g\u00fcc\u00fcn\u00fc alarak, d\u00fcr\u00fcstl\u00fck ve \u00e7al\u0131\u015fma azmi ile birle\u015ftirip yenilik\u00e7i ve kaliteli \u00fcretimle m\u00fc\u015fterilere sunmakt\u0131r.<\/p>\n\n\n\n<p><strong><span class=\"has-inline-color has-vivid-red-color\">Vizyonumuz:<\/span><\/strong> Rekabet g\u00fcc\u00fcn\u00fc daima \u00fcst seviyede tutarak, geli\u015ftirdi\u011fi kalite politikas\u0131yla \u00e7evreye ve insana duyarl\u0131 anlay\u0131\u015f\u0131yla, alan\u0131nda g\u00fcven veren \u00f6nc\u00fc bir \u015firket olmakt\u0131r.<\/p>\n\n\n\n<div class=\"wp-block-image\"><figure class=\"aligncenter size-large\"><img loading=\"lazy\" decoding=\"async\" width=\"1024\" height=\"576\" src=\"http:\/\/www.kaanmakina.org\/wp-content\/uploads\/2021\/06\/K42-1-1024x576.png\" alt=\"\" class=\"wp-image-321\" srcset=\"https:\/\/www.kaanmakina.org\/wp-content\/uploads\/2021\/06\/K42-1-1024x576.png 1024w, https:\/\/www.kaanmakina.org\/wp-content\/uploads\/2021\/06\/K42-1-300x169.png 300w, https:\/\/www.kaanmakina.org\/wp-content\/uploads\/2021\/06\/K42-1-768x432.png 768w, https:\/\/www.kaanmakina.org\/wp-content\/uploads\/2021\/06\/K42-1-1226x689.png 1226w, https:\/\/www.kaanmakina.org\/wp-content\/uploads\/2021\/06\/K42-1-675x380.png 675w, https:\/\/www.kaanmakina.org\/wp-content\/uploads\/2021\/06\/K42-1.png 1366w\" sizes=\"auto, (max-width: 1024px) 100vw, 1024px\" \/><\/figure><\/div>\n\n\n\n<p><strong><span class=\"has-inline-color has-vivid-red-color\">TAR\u0130H\u00c7E VE REFERANSLARIMIZ:<\/span><\/strong><\/p>\n\n\n\n<p><strong>1991 y\u0131l\u0131ndan <\/strong>bu yana Otomotiv, Makine \u0130malat, Tar\u0131m Makinalar\u0131, Pompa, Enjekt\u00f6r , Kal\u0131p \u00dcretimi, Beyaz E\u015fya hizmet veren <strong>KAAN MAK\u0130NE SANAY\u0130\u0130 VE T\u0130CARET <\/strong>o g\u00fcnden bu yana s\u00fcrekli geli\u015ftirdi\u011fi <strong>\u00fcr\u00fcn gam\u0131, kalitesi, teknolojisi ve y\u0131llar\u0131n tecr\u00fcbesi<\/strong> ile y\u00fckselen bir marka olmu\u015ftur.<\/p>\n\n\n\n<p>1991- KURULU\u015e ( Bostanc\u0131 \/ \u0130STANBUL )<\/p>\n\n\n\n<p>1993-1998 &#8211; HEMA H\u0130DROL\u0130K+HEMA TRAKT\u00d6R \/ Tedarik\u00e7isi<\/p>\n\n\n\n<p>1997-2000 &#8211; MURAT TEKN\u0130K \/PUMA arac\u0131n enj. g\u00f6vdelerinin millile\u015ftirilmesi<\/p>\n\n\n\n<p>1997-2004 &#8211; M\u00dcH\u0130MMATSAN A.\u015e. \/ Askeri ihalede her t\u00fcrl\u00fc m\u00fchimmat par\u00e7alar\u0131<\/p>\n\n\n\n<p>1998-2005 &#8211; Y\u00d6N TEKN\u0130K \/Fren&amp;Pedal Sistemi par\u00e7alar\u0131<\/p>\n\n\n\n<p>2000-2005 &#8211; YKB \/ Bankamatik Sistemleri- Kumbara Sistemleri ve Tasar\u0131m<\/p>\n\n\n\n<p>2006 &#8211; DEKRA ISO 9001 KAL\u0130TE BELGES\u0130 ALINMASI<\/p>\n\n\n\n<p>2004-2009 &#8211; NATEC OTOMOT\u0130V\/i\u015f arac\u0131l\u0131\u011f\u0131 ile Almanya &#8211; Avrupa ihracat\/ her t\u00fcrl\u00fc par\u00e7a<\/p>\n\n\n\n<p>2004-2009 &#8211; VESTEL A.\u015e. \/\u00c7ama\u015f\u0131r Makinesi &#8211; Tambur Mil ve Sistemleri<\/p>\n\n\n\n<p>2012-2018 &#8211; AR\u00c7EL\u0130K A.\u015e. \/ \u00c7ama\u015f\u0131r Makinesinin \u00dcst Tabla Grubu &#8211; Montaj Hatt\u0131<\/p>\n\n\n\n<p>2018- BATRA M\u00dcHEND\u0130SL\u0130K \/ Tedarik\u00e7i \/ Yang\u0131n Popma Tasar\u0131m, Kal\u0131plama,Teknik Dok\u00fcman Haz\u0131rlama, Alt detay par\u00e7a \u0130\u015fleme &#8211; Montaj<\/p>\n\n\n\n<figure class=\"wp-block-image size-large\"><img loading=\"lazy\" decoding=\"async\" width=\"1024\" height=\"126\" src=\"http:\/\/www.kaanmakina.org\/wp-content\/uploads\/2021\/06\/KU123-1024x126.png\" alt=\"\" class=\"wp-image-101\" srcset=\"https:\/\/www.kaanmakina.org\/wp-content\/uploads\/2021\/06\/KU123-1024x126.png 1024w, https:\/\/www.kaanmakina.org\/wp-content\/uploads\/2021\/06\/KU123-300x37.png 300w, https:\/\/www.kaanmakina.org\/wp-content\/uploads\/2021\/06\/KU123-768x94.png 768w, https:\/\/www.kaanmakina.org\/wp-content\/uploads\/2021\/06\/KU123-1536x188.png 1536w, https:\/\/www.kaanmakina.org\/wp-content\/uploads\/2021\/06\/KU123-1226x150.png 1226w, https:\/\/www.kaanmakina.org\/wp-content\/uploads\/2021\/06\/KU123-675x83.png 675w, https:\/\/www.kaanmakina.org\/wp-content\/uploads\/2021\/06\/KU123.png 1550w\" sizes=\"auto, (max-width: 1024px) 100vw, 1024px\" \/><\/figure>\n\n\n\n<p><\/p>\n","protected":false},"excerpt":{"rendered":"<p>Otomotiv,Beyaz E\u015fya ve Makine &nbsp;sekt\u00f6rlerine hizmet veren KAAN MAK\u0130NE SANAY\u0130\u0130 VE T\u0130CARET;1990 y\u0131l\u0131 Denge D\u0131\u015f.Tic.Mak.Ltd.\u015eti. ad\u0131 ile \u0130stanbul\u2019da kurulmu\u015ftur. KAAN MAK\u0130NE \u0130stanbul \u00dcmraniye&nbsp; \u0130MES Sanayi&#8230;<\/p>\n","protected":false},"author":1,"featured_media":0,"parent":0,"menu_order":0,"comment_status":"closed","ping_status":"closed","template":"","meta":{"footnotes":""},"class_list":["post-28","page","type-page","status-publish","hentry"],"_links":{"self":[{"href":"https:\/\/www.kaanmakina.org\/index.php\/wp-json\/wp\/v2\/pages\/28","targetHints":{"allow":["GET"]}}],"collection":[{"href":"https:\/\/www.kaanmakina.org\/index.php\/wp-json\/wp\/v2\/pages"}],"about":[{"href":"https:\/\/www.kaanmakina.org\/index.php\/wp-json\/wp\/v2\/types\/page"}],"author":[{"embeddable":true,"href":"https:\/\/www.kaanmakina.org\/index.php\/wp-json\/wp\/v2\/users\/1"}],"replies":[{"embeddable":true,"href":"https:\/\/www.kaanmakina.org\/index.php\/wp-json\/wp\/v2\/comments?post=28"}],"version-history":[{"count":28,"href":"https:\/\/www.kaanmakina.org\/index.php\/wp-json\/wp\/v2\/pages\/28\/revisions"}],"predecessor-version":[{"id":323,"href":"https:\/\/www.kaanmakina.org\/index.php\/wp-json\/wp\/v2\/pages\/28\/revisions\/323"}],"wp:attachment":[{"href":"https:\/\/www.kaanmakina.org\/index.php\/wp-json\/wp\/v2\/media?parent=28"}],"curies":[{"name":"wp","href":"https:\/\/api.w.org\/{rel}","templated":true}]}}